{"id":4038,"date":"2025-01-31T16:31:54","date_gmt":"2025-01-31T15:31:54","guid":{"rendered":"https:\/\/www.laquilaoutdoorexperience.it\/?post_type=product&#038;p=4038"},"modified":"2025-01-31T16:31:54","modified_gmt":"2025-01-31T15:31:54","slug":"specialized-enduro-expert-carbon-29-usata-con-ruote-roval-carbon","status":"publish","type":"product","link":"https:\/\/www.laquilaoutdoorexperience.it\/en\/product\/specialized-enduro-expert-carbon-29-usata-con-ruote-roval-carbon\/","title":{"rendered":"Specialized Enduro Expert Carbon 29&#8243; USATA con ruote Roval Carbon"},"content":{"rendered":"<p class=\"sc-d3a69824-3 egYTlu\">L&#8217;Enduro Expert viene fornito di serie con componentisca di altissimo livello. Sospensioni FOX, potenti freni a a disco e robuste ruote in lega.<\/p>\n<ul>\n<li>\n<p class=\"sc-d3a69824-3 egYTlu\">INCREDIBILMENTE CAPACE. Se l&#8217;Enduro assomiglia alla Demo, \u00e8 perch\u00e9 condividono una buona dose di DNA da Downhill. La traiettoria negativa dell&#8217;asse posteriore riduce il rallentamento della ruota posteriore in caso di impatti contro ostacoli spigolosi. Il posizionamento basso e avanzato dell&#8217;ammortizzatore d\u00e0 stabilit\u00e0 e sicurezza alle alte velocit\u00e0. La rigidit\u00e0 programmata del telaio garantisce precisione dello sterzo e trazione posteriore come se scorresse sui binari.<\/p>\n<\/li>\n<li>\n<p class=\"sc-d3a69824-3 egYTlu\">SORPRENDENTEMENTE VELOCE&#8230;SIA IN SALITA CHE IN DISCESA. Se spingi sui pedali l&#8217;Enduro accelerer\u00e0 molto pi\u00f9 velocemente di quanto ti aspetteresti da una bici con queste caratteristiche. Abbiamo dato fondo a tutti i nostri trucchetti da ingegneri per rendere l&#8217;Enduro una &#8216;macchina&#8217; incredibilmente veloce da pedalare. Il risultato? Meno bobbing. Pi\u00f9 velocit\u00e0.<\/p>\n<\/li>\n<li>\n<p class=\"sc-d3a69824-3 egYTlu\">LA VELOCITA&#8217; PARTE DALLA POSIZIONE. La velocit\u00e0 e la posizione non si escludono a vicenda, e la geometria progressiva dell&#8217;Enduro \u00e8 stata progettata tanto per le salite che per le discese. I vari piantoni e altezze stack non si differenziano tantissimo tra una misura e l&#8217;altra, che significa che ora puoi scegliere una misura non solo in base alla tua altezza, ma anche in base al tuo stile di guida. L&#8217;angolo sterzo pi\u00f9 rilassato, il piantone pi\u00f9 dritto regalano reattivit\u00e0 e capacit\u00e0, a prescindere dalla taglia<\/p>\n<\/li>\n<\/ul>","protected":false},"excerpt":{"rendered":"<p>MTB USATA in ottimo stato, revisionata e garantita.<\/p>\n<p>_ Telaio Carbonio Specialized FACT 11m carbon chassis and rear-end, S-Sizing Enduro Race Geometry, SWAT&#x2122; Door integration, threaded BB, internal cable routing, 12x148mm dropouts, sealed cartridge bearing pivots, replaceable derailleur hanger, 170mm of travel<\/p>\n<p>_ Sospensioni FOX 36 170mm e Ammortizzatore FOX DPX2<\/p>\n<p>_Cambio Sram GX 12v.<\/p>\n<p>_Freni Sram Code RSC<\/p>\n<p>_ Ruote Roval Carbon 29&#8221;<\/p>","protected":false},"featured_media":4037,"comment_status":"open","ping_status":"closed","template":"","meta":[],"yoast_head":"<!-- This site is optimized with the Yoast SEO plugin v16.3 - https:\/\/yoast.com\/wordpress\/plugins\/seo\/ -->\n<title>Specialized Enduro Expert Carbon 29&quot; USATA con ruote Roval Carbon - L&#039;Aquila Outdoor Experience<\/title>\n<meta name=\"description\" content=\"MTB Full Carbon Specialized Enduro, 170mm di escursione, ruote Roval 29 in carbonio, Usato garantito 2999\u20ac. Sospensioni FOX\" \/>\n<meta name=\"robots\" content=\"index, follow, max-snippet:-1, max-image-preview:large, max-video-preview:-1\" \/>\n<link rel=\"canonical\" href=\"https:\/\/www.laquilaoutdoorexperience.it\/en\/product\/specialized-enduro-expert-carbon-29-usata-con-ruote-roval-carbon\/\" \/>\n<meta property=\"og:locale\" content=\"en_US\" \/>\n<meta property=\"og:type\" content=\"article\" \/>\n<meta property=\"og:title\" content=\"Specialized Enduro Expert Carbon 29&quot; USATA con ruote Roval Carbon - L&#039;Aquila Outdoor Experience\" \/>\n<meta property=\"og:description\" content=\"MTB Full Carbon Specialized Enduro, 170mm di escursione, ruote Roval 29 in carbonio, Usato garantito 2999\u20ac. Sospensioni FOX\" \/>\n<meta property=\"og:url\" content=\"https:\/\/www.laquilaoutdoorexperience.it\/en\/product\/specialized-enduro-expert-carbon-29-usata-con-ruote-roval-carbon\/\" \/>\n<meta property=\"og:site_name\" content=\"L&#039;Aquila Outdoor Experience\" \/>\n<meta property=\"og:image\" content=\"https:\/\/www.laquilaoutdoorexperience.it\/wp-content\/uploads\/2025\/01\/Specialized-Enduro-expert-29-L.jpg\" \/>\n\t<meta property=\"og:image:width\" content=\"2048\" \/>\n\t<meta property=\"og:image:height\" content=\"1152\" \/>\n<meta name=\"twitter:card\" content=\"summary_large_image\" \/>\n<meta name=\"twitter:label1\" content=\"Est. reading time\">\n\t<meta name=\"twitter:data1\" content=\"1 minute\">\n<script type=\"application\/ld+json\" class=\"yoast-schema-graph\">{\"@context\":\"https:\/\/schema.org\",\"@graph\":[{\"@type\":\"WebSite\",\"@id\":\"https:\/\/www.laquilaoutdoorexperience.it\/#website\",\"url\":\"https:\/\/www.laquilaoutdoorexperience.it\/\",\"name\":\"L&#039;Aquila Outdoor Experience\",\"description\":\"\",\"potentialAction\":[{\"@type\":\"SearchAction\",\"target\":\"https:\/\/www.laquilaoutdoorexperience.it\/?s={search_term_string}\",\"query-input\":\"required name=search_term_string\"}],\"inLanguage\":\"en-US\"},{\"@type\":\"ImageObject\",\"@id\":\"https:\/\/www.laquilaoutdoorexperience.it\/product\/specialized-enduro-expert-carbon-29-usata-con-ruote-roval-carbon\/#primaryimage\",\"inLanguage\":\"en-US\",\"url\":\"https:\/\/www.laquilaoutdoorexperience.it\/wp-content\/uploads\/2025\/01\/Specialized-Enduro-expert-29-L.jpg\",\"contentUrl\":\"https:\/\/www.laquilaoutdoorexperience.it\/wp-content\/uploads\/2025\/01\/Specialized-Enduro-expert-29-L.jpg\",\"width\":2048,\"height\":1152},{\"@type\":\"WebPage\",\"@id\":\"https:\/\/www.laquilaoutdoorexperience.it\/product\/specialized-enduro-expert-carbon-29-usata-con-ruote-roval-carbon\/#webpage\",\"url\":\"https:\/\/www.laquilaoutdoorexperience.it\/product\/specialized-enduro-expert-carbon-29-usata-con-ruote-roval-carbon\/\",\"name\":\"Specialized Enduro Expert Carbon 29\\\" USATA con ruote Roval Carbon - L&#039;Aquila Outdoor Experience\",\"isPartOf\":{\"@id\":\"https:\/\/www.laquilaoutdoorexperience.it\/#website\"},\"primaryImageOfPage\":{\"@id\":\"https:\/\/www.laquilaoutdoorexperience.it\/product\/specialized-enduro-expert-carbon-29-usata-con-ruote-roval-carbon\/#primaryimage\"},\"datePublished\":\"2025-01-31T15:31:54+00:00\",\"dateModified\":\"2025-01-31T15:31:54+00:00\",\"description\":\"MTB Full Carbon Specialized Enduro, 170mm di escursione, ruote Roval 29 in carbonio, Usato garantito 2999\\u20ac. Sospensioni FOX\",\"breadcrumb\":{\"@id\":\"https:\/\/www.laquilaoutdoorexperience.it\/product\/specialized-enduro-expert-carbon-29-usata-con-ruote-roval-carbon\/#breadcrumb\"},\"inLanguage\":\"en-US\",\"potentialAction\":[{\"@type\":\"ReadAction\",\"target\":[\"https:\/\/www.laquilaoutdoorexperience.it\/product\/specialized-enduro-expert-carbon-29-usata-con-ruote-roval-carbon\/\"]}]},{\"@type\":\"BreadcrumbList\",\"@id\":\"https:\/\/www.laquilaoutdoorexperience.it\/product\/specialized-enduro-expert-carbon-29-usata-con-ruote-roval-carbon\/#breadcrumb\",\"itemListElement\":[{\"@type\":\"ListItem\",\"position\":1,\"item\":{\"@type\":\"WebPage\",\"@id\":\"https:\/\/www.laquilaoutdoorexperience.it\/\",\"url\":\"https:\/\/www.laquilaoutdoorexperience.it\/\",\"name\":\"Home\"}},{\"@type\":\"ListItem\",\"position\":2,\"item\":{\"@type\":\"WebPage\",\"@id\":\"https:\/\/www.laquilaoutdoorexperience.it\/shop\/\",\"url\":\"https:\/\/www.laquilaoutdoorexperience.it\/shop\/\",\"name\":\"Shop\"}},{\"@type\":\"ListItem\",\"position\":3,\"item\":{\"@id\":\"https:\/\/www.laquilaoutdoorexperience.it\/product\/specialized-enduro-expert-carbon-29-usata-con-ruote-roval-carbon\/#webpage\"}}]}]}<\/script>\n<!-- \/ Yoast SEO plugin. -->","_links":{"self":[{"href":"https:\/\/www.laquilaoutdoorexperience.it\/en\/wp-json\/wp\/v2\/product\/4038"}],"collection":[{"href":"https:\/\/www.laquilaoutdoorexperience.it\/en\/wp-json\/wp\/v2\/product"}],"about":[{"href":"https:\/\/www.laquilaoutdoorexperience.it\/en\/wp-json\/wp\/v2\/types\/product"}],"replies":[{"embeddable":true,"href":"https:\/\/www.laquilaoutdoorexperience.it\/en\/wp-json\/wp\/v2\/comments?post=4038"}],"wp:featuredmedia":[{"embeddable":true,"href":"https:\/\/www.laquilaoutdoorexperience.it\/en\/wp-json\/wp\/v2\/media\/4037"}],"wp:attachment":[{"href":"https:\/\/www.laquilaoutdoorexperience.it\/en\/wp-json\/wp\/v2\/media?parent=4038"}],"curies":[{"name":"wp","href":"https:\/\/api.w.org\/{rel}","templated":true}]}}